{"id":35,"date":"2016-01-18T17:22:17","date_gmt":"2016-01-18T17:22:17","guid":{"rendered":"http:\/\/perimetralmadeiras.com.br\/site\/?page_id=35"},"modified":"2023-08-31T18:02:39","modified_gmt":"2023-08-31T18:02:39","slug":"teca","status":"publish","type":"page","link":"http:\/\/www.perimetralmadeiras.com.br\/site\/madeiras\/teca\/","title":{"rendered":"Teca"},"content":{"rendered":"<div id=\"pl-35\"  class=\"panel-layout\" ><div id=\"pg-35-0\"  class=\"panel-grid panel-no-style\" ><div id=\"pgc-35-0-0\"  class=\"panel-grid-cell\" ><div id=\"panel-35-0-0-0\" class=\"so-panel widget widget_headline-widget panel-first-child panel-last-child\" data-index=\"0\" >\t\t<h1>Teca<\/h1>\n\t\t<div class=\"decoration\"><div class=\"decoration-inside\"><\/div><\/div>\n\t\t<h3><\/h3>\n\t\t<\/div><\/div><\/div><div id=\"pg-35-1\"  class=\"panel-grid panel-no-style\" ><div id=\"pgc-35-1-0\"  class=\"panel-grid-cell\" ><div id=\"panel-35-1-0-0\" class=\"so-panel widget widget_sow-editor panel-first-child panel-last-child\" data-index=\"1\" ><div\n\t\t\t\n\t\t\tclass=\"so-widget-sow-editor so-widget-sow-editor-base\"\n\t\t\t\n\t\t>\n<div class=\"siteorigin-widget-tinymce textwidget\">\n\t<p>Possui excelente estabilidade dimensional, boa trabalhabilidade, dif\u00edcil inflamabilidade e seu cerne possui uso universal. Sua madeira, quando adulta \u00e9 considerada a mais completa do mundo, por ter alta durabilidade, ser leve e possuir \u00f3timo acabamento quando aplainada.<\/p>\n<p>A madeira de teca \u00e9 geralmente utilizada para:<\/p>\n<ul>\n<li>fabrica\u00e7\u00e3o de m\u00f3veis<\/li>\n<li>pain\u00e9is internos<\/li>\n<li>outros<\/li>\n<\/ul>\n<\/div>\n<\/div><\/div><\/div><\/div><div id=\"pg-35-2\"  class=\"panel-grid panel-no-style\" ><div id=\"pgc-35-2-0\"  class=\"panel-grid-cell\" ><div id=\"panel-35-2-0-0\" class=\"widget_text so-panel widget widget_custom_html panel-first-child panel-last-child\" data-index=\"2\" ><div class=\"textwidget custom-html-widget\"><style>#jtg-529 .modula-item .jtg-social a, .lightbox-socials.jtg-social a{ fill: #ffffff; color: #ffffff }#jtg-529 .modula-item .jtg-social-mobile a{ fill: #ffffff; color: #ffffff }#jtg-529 .modula-item .jtg-social svg, .lightbox-socials.jtg-social svg { height: 16px; width: 16px }#jtg-529 .modula-item .jtg-social-mobile svg { height: 16px; width: 16px }#jtg-529 .modula-item .jtg-social a:not(:last-child), .lightbox-socials.jtg-social a:not(:last-child) { margin-right: 10px }#jtg-529 .modula-item .jtg-social-mobile .jtg-social-mobile-icons a:not(:last-child){ margin-right: 10px }#jtg-529 .modula-item .figc {color:#ffffff;}#jtg-529 .modula-item .modula-item-content { transform: scale(1) }#jtg-529 { width:100%;}#jtg-529 .modula-items{height:800px;}@media screen and (max-width: 992px) {#jtg-529 .modula-items{height:800px;}}@media screen and (max-width: 768px) {#jtg-529 .modula-items{height:800px;}}#jtg-529 .modula-items .figc p.description { font-size:14px; }#jtg-529 .modula-items .figc p.description { color:#ffffff;}#jtg-529.modula-gallery .modula-item > a, #jtg-529.modula-gallery .modula-item, #jtg-529.modula-gallery .modula-item-content > a:not(.modula-no-follow) { cursor:zoom-in; } #jtg-529.modula-gallery .modula-item-content .modula-no-follow { cursor: default; } @media screen and (max-width:480px){#jtg-529 .modula-item .figc .jtg-title {  font-size: 12px; }#jtg-529 .modula-items .figc p.description { color:#ffffff;font-size:10px; }}<\/style>\n<!-- Gallery Container -->\n<div  id=\"jtg-529\" class=\"modula modula-gallery modula-creative-gallery\" data-config=\"{&quot;height&quot;:800,&quot;tabletHeight&quot;:800,&quot;mobileHeight&quot;:800,&quot;desktopHeight&quot;:800,&quot;enableTwitter&quot;:false,&quot;enableWhatsapp&quot;:false,&quot;enableFacebook&quot;:false,&quot;enablePinterest&quot;:false,&quot;enableLinkedin&quot;:false,&quot;enableEmail&quot;:false,&quot;randomFactor&quot;:0.5,&quot;type&quot;:&quot;creative-gallery&quot;,&quot;columns&quot;:12,&quot;gutter&quot;:10,&quot;mobileGutter&quot;:10,&quot;tabletGutter&quot;:10,&quot;desktopGutter&quot;:10,&quot;enableResponsive&quot;:&quot;0&quot;,&quot;tabletColumns&quot;:&quot;2&quot;,&quot;mobileColumns&quot;:&quot;1&quot;,&quot;lazyLoad&quot;:&quot;1&quot;,&quot;lightboxOpts&quot;:{&quot;animated&quot;:true,&quot;Thumbs&quot;:{&quot;type&quot;:&quot;modern&quot;,&quot;showOnStart&quot;:false},&quot;Toolbar&quot;:{&quot;display&quot;:{&quot;right&quot;:[&quot;close&quot;]},&quot;enabled&quot;:true},&quot;Carousel&quot;:{&quot;Panzoom&quot;:{&quot;touch&quot;:false},&quot;infinite&quot;:false},&quot;keyboard&quot;:{&quot;Escape&quot;:&quot;close&quot;,&quot;Delete&quot;:&quot;close&quot;,&quot;Backspace&quot;:&quot;close&quot;,&quot;PageUp&quot;:false,&quot;PageDown&quot;:false,&quot;ArrowUp&quot;:false,&quot;ArrowDown&quot;:false,&quot;ArrowRight&quot;:false,&quot;ArrowLeft&quot;:false},&quot;touch&quot;:false,&quot;backdropClick&quot;:false,&quot;l10n&quot;:{&quot;CLOSE&quot;:&quot;Close&quot;,&quot;NEXT&quot;:&quot;Next&quot;,&quot;PREV&quot;:&quot;Previous&quot;,&quot;Error&quot;:&quot;The requested content cannot be loaded. Please try again later.&quot;,&quot;PLAY_START&quot;:&quot;Start slideshow&quot;,&quot;PLAY_STOP&quot;:&quot;Pause slideshow&quot;,&quot;FULL_SCREEN&quot;:&quot;Full screen&quot;,&quot;THUMBS&quot;:&quot;Thumbnails&quot;,&quot;DOWNLOAD&quot;:&quot;Download&quot;,&quot;SHARE&quot;:&quot;Share&quot;,&quot;ZOOM&quot;:&quot;Zoom&quot;,&quot;EMAIL&quot;:&quot;Here is the link to the image : %%image_link%% and this is the link to the gallery : %%gallery_link%%&quot;,&quot;MODAL&quot;:&quot;You can close this modal content with the ESC key&quot;,&quot;ERROR&quot;:&quot;Something Went Wrong, Please Try Again Later&quot;,&quot;IMAGE_ERROR&quot;:&quot;Image Not Found&quot;,&quot;ELEMENT_NOT_FOUND&quot;:&quot;HTML Element Not Found&quot;,&quot;AJAX_NOT_FOUND&quot;:&quot;Error Loading AJAX : Not Found&quot;,&quot;AJAX_FORBIDDEN&quot;:&quot;Error Loading AJAX : Forbidden&quot;,&quot;IFRAME_ERROR&quot;:&quot;Error Loading Page&quot;,&quot;TOGGLE_ZOOM&quot;:&quot;Toggle zoom level&quot;,&quot;TOGGLE_THUMBS&quot;:&quot;Toggle thumbnails&quot;,&quot;TOGGLE_SLIDESHOW&quot;:&quot;Toggle slideshow&quot;,&quot;TOGGLE_FULLSCREEN&quot;:&quot;Toggle full-screen mode&quot;},&quot;Images&quot;:{&quot;Panzoom&quot;:{&quot;maxScale&quot;:2}},&quot;mainClass&quot;:&quot;modula-fancybox-container modula-lightbox-jtg-529&quot;,&quot;Html&quot;:{&quot;videoAutoplay&quot;:0,&quot;videoTpl&quot;:&quot;&lt;video class=\\&quot;fancybox__html5video\\&quot; controls muted playsinline controlsList controlsList=\\&quot;nodownload\\&quot; poster=\\&quot;{{poster}}\\&quot; src=\\&quot;{{src}}\\&quot; type=\\&quot;{{format}}\\&quot; &gt;  Sorry, your browser doesn&#039;t support embedded videos, &lt;a href=\\&quot;{{src}}\\&quot;&gt; download &lt;\\\/a&gt; and watch with your favorite video player! &lt;\\\/video&gt;&quot;}},&quot;inView&quot;:false,&quot;email_subject&quot;:&quot;Check out this awesome image !!&quot;,&quot;email_message&quot;:&quot;Here is the link to the image : %%image_link%% and this is the link to the gallery : %%gallery_link%%&quot;,&quot;lightbox&quot;:&quot;fancybox&quot;}\">\n\n\t\n\t<!-- Items Container -->\n\t<div  class=\"modula-items\">\n\t\t<div class=\"modula-item effect-pufrobo\" >\n\t<div class=\"modula-item-overlay\"><\/div>\n\n\t<div class=\"modula-item-content\">\n\n\t\t\t\t\n\t\t\t\t\t<a data-image-id=\"40\" tabindex=\"0\" rel=\"jtg-529\" data-caption=\"\" aria-label=\"Open image in lightbox\" role=\"button\" class=\"tile-inner modula-item-link\"><\/a>\n\t\t\n\t\t<img class=\"pic wp-image-40 lazyload\"  data-valign=\"middle\" data-halign=\"center\" alt=\"Madeira Teca\" data-full=\"http:\/\/www.perimetralmadeiras.com.br\/site\/wp-content\/uploads\/2016\/01\/teca.jpg\" title=\"teca\" width=\"600\" height=\"400\" data-src=\"http:\/\/www.perimetralmadeiras.com.br\/site\/wp-content\/uploads\/2016\/01\/teca.jpg\" data-caption=\"\" data-source=\"modula\" data-srcset=\"http:\/\/www.perimetralmadeiras.com.br\/site\/wp-content\/uploads\/2016\/01\/teca.jpg 600w, http:\/\/www.perimetralmadeiras.com.br\/site\/wp-content\/uploads\/2016\/01\/teca-300x200.jpg 300w, http:\/\/www.perimetralmadeiras.com.br\/site\/wp-content\/uploads\/2016\/01\/teca-272x182.jpg 272w\" data-sizes=\"(max-width: 600px) 100vw, 600px\" \/>\n\t\t<div class=\"figc no-description\">\n\t\t\t<div class=\"figc-inner\">\n\t\t\t\t\t\t\t\t\t\t\t\t\t\t\t<\/div>\n\t\t<\/div>\n\n\t<\/div>\n\n<\/div><div class=\"modula-item effect-pufrobo\" >\n\t<div class=\"modula-item-overlay\"><\/div>\n\n\t<div class=\"modula-item-content\">\n\n\t\t\t\t\n\t\t\t\t\t<a data-image-id=\"37\" tabindex=\"0\" rel=\"jtg-529\" data-caption=\"\" aria-label=\"Open image in lightbox\" role=\"button\" class=\"tile-inner modula-item-link\"><\/a>\n\t\t\n\t\t<img class=\"pic wp-image-37 lazyload\"  data-valign=\"middle\" data-halign=\"center\" alt=\"Forro em Teca\" data-full=\"http:\/\/www.perimetralmadeiras.com.br\/site\/wp-content\/uploads\/2016\/01\/tecapbig1.jpg\" title=\"tecapbig1\" width=\"600\" height=\"400\" data-src=\"http:\/\/www.perimetralmadeiras.com.br\/site\/wp-content\/uploads\/2016\/01\/tecapbig1.jpg\" data-caption=\"\" data-source=\"modula\" data-srcset=\"http:\/\/www.perimetralmadeiras.com.br\/site\/wp-content\/uploads\/2016\/01\/tecapbig1.jpg 600w, http:\/\/www.perimetralmadeiras.com.br\/site\/wp-content\/uploads\/2016\/01\/tecapbig1-300x200.jpg 300w, http:\/\/www.perimetralmadeiras.com.br\/site\/wp-content\/uploads\/2016\/01\/tecapbig1-272x182.jpg 272w\" data-sizes=\"(max-width: 600px) 100vw, 600px\" \/>\n\t\t<div class=\"figc no-description\">\n\t\t\t<div class=\"figc-inner\">\n\t\t\t\t\t\t\t\t\t\t\t\t\t\t\t<\/div>\n\t\t<\/div>\n\n\t<\/div>\n\n<\/div><div class=\"modula-item effect-pufrobo\" >\n\t<div class=\"modula-item-overlay\"><\/div>\n\n\t<div class=\"modula-item-content\">\n\n\t\t\t\t\n\t\t\t\t\t<a data-image-id=\"36\" tabindex=\"0\" rel=\"jtg-529\" data-caption=\"\" aria-label=\"Open image in lightbox\" role=\"button\" class=\"tile-inner modula-item-link\"><\/a>\n\t\t\n\t\t<img class=\"pic wp-image-36 lazyload\"  data-valign=\"middle\" data-halign=\"center\" alt=\"Forro em teca\" data-full=\"http:\/\/www.perimetralmadeiras.com.br\/site\/wp-content\/uploads\/2016\/01\/tecapbig2.jpg\" title=\"tecapbig2\" width=\"600\" height=\"400\" data-src=\"http:\/\/www.perimetralmadeiras.com.br\/site\/wp-content\/uploads\/2016\/01\/tecapbig2.jpg\" data-caption=\"\" data-source=\"modula\" data-srcset=\"http:\/\/www.perimetralmadeiras.com.br\/site\/wp-content\/uploads\/2016\/01\/tecapbig2.jpg 600w, http:\/\/www.perimetralmadeiras.com.br\/site\/wp-content\/uploads\/2016\/01\/tecapbig2-300x200.jpg 300w, http:\/\/www.perimetralmadeiras.com.br\/site\/wp-content\/uploads\/2016\/01\/tecapbig2-272x182.jpg 272w\" data-sizes=\"(max-width: 600px) 100vw, 600px\" \/>\n\t\t<div class=\"figc no-description\">\n\t\t\t<div class=\"figc-inner\">\n\t\t\t\t\t\t\t\t\t\t\t\t\t\t\t<\/div>\n\t\t<\/div>\n\n\t<\/div>\n\n<\/div><div class=\"modula-item effect-pufrobo\" >\n\t<div class=\"modula-item-overlay\"><\/div>\n\n\t<div class=\"modula-item-content\">\n\n\t\t\t\t\n\t\t\t\t\t<a data-image-id=\"445\" tabindex=\"0\" rel=\"jtg-529\" data-caption=\"Escada em madeira de Teca\" aria-label=\"Open image in lightbox\" role=\"button\" class=\"tile-inner modula-item-link\"><\/a>\n\t\t\n\t\t<img class=\"pic wp-image-445 lazyload\"  data-valign=\"middle\" data-halign=\"center\" alt=\"Escada em madeira de Teca\" data-full=\"http:\/\/www.perimetralmadeiras.com.br\/site\/wp-content\/uploads\/2023\/08\/escada_teca.jpg\" title=\"escada_teca\" width=\"696\" height=\"1024\" data-src=\"http:\/\/www.perimetralmadeiras.com.br\/site\/wp-content\/uploads\/2023\/08\/escada_teca-696x1024.jpg\" data-caption=\"Escada em madeira de Teca\" data-source=\"modula\" data-srcset=\"http:\/\/www.perimetralmadeiras.com.br\/site\/wp-content\/uploads\/2023\/08\/escada_teca.jpg 917w, http:\/\/www.perimetralmadeiras.com.br\/site\/wp-content\/uploads\/2023\/08\/escada_teca-204x300.jpg 204w, http:\/\/www.perimetralmadeiras.com.br\/site\/wp-content\/uploads\/2023\/08\/escada_teca-696x1024.jpg 696w, http:\/\/www.perimetralmadeiras.com.br\/site\/wp-content\/uploads\/2023\/08\/escada_teca-200x294.jpg 200w\" data-sizes=\"(max-width: 696px) 100vw, 696px\" \/>\n\t\t<div class=\"figc\">\n\t\t\t<div class=\"figc-inner\">\n\t\t\t\t\t\t\t\t\t\t\t\t\t<p class=\"description\">Escada em madeira de Teca<\/p>\n\t\t\t\t\t\t\t\t\t\t\t<\/div>\n\t\t<\/div>\n\n\t<\/div>\n\n<\/div><div class=\"modula-item effect-pufrobo\" >\n\t<div class=\"modula-item-overlay\"><\/div>\n\n\t<div class=\"modula-item-content\">\n\n\t\t\t\t\n\t\t\t\t\t<a data-image-id=\"454\" tabindex=\"0\" rel=\"jtg-529\" data-caption=\"Porta ripada em madeira de TECA\" aria-label=\"Open image in lightbox\" role=\"button\" class=\"tile-inner modula-item-link\"><\/a>\n\t\t\n\t\t<img class=\"pic wp-image-454 lazyload\"  data-valign=\"middle\" data-halign=\"center\" alt=\"Porta ripada em madeira de TECA\" data-full=\"http:\/\/www.perimetralmadeiras.com.br\/site\/wp-content\/uploads\/2023\/08\/porta_ripada_teca.jpg\" title=\"porta_ripada_teca\" width=\"590\" height=\"1024\" data-src=\"http:\/\/www.perimetralmadeiras.com.br\/site\/wp-content\/uploads\/2023\/08\/porta_ripada_teca-590x1024.jpg\" data-caption=\"Porta ripada em madeira de TECA\" data-source=\"modula\" data-srcset=\"http:\/\/www.perimetralmadeiras.com.br\/site\/wp-content\/uploads\/2023\/08\/porta_ripada_teca.jpg 750w, http:\/\/www.perimetralmadeiras.com.br\/site\/wp-content\/uploads\/2023\/08\/porta_ripada_teca-173x300.jpg 173w, http:\/\/www.perimetralmadeiras.com.br\/site\/wp-content\/uploads\/2023\/08\/porta_ripada_teca-590x1024.jpg 590w, http:\/\/www.perimetralmadeiras.com.br\/site\/wp-content\/uploads\/2023\/08\/porta_ripada_teca-200x347.jpg 200w\" data-sizes=\"(max-width: 590px) 100vw, 590px\" \/>\n\t\t<div class=\"figc\">\n\t\t\t<div class=\"figc-inner\">\n\t\t\t\t\t\t\t\t\t\t\t\t\t<p class=\"description\">Porta ripada em madeira de TECA<\/p>\n\t\t\t\t\t\t\t\t\t\t\t<\/div>\n\t\t<\/div>\n\n\t<\/div>\n\n<\/div><div class=\"modula-item effect-pufrobo\" >\n\t<div class=\"modula-item-overlay\"><\/div>\n\n\t<div class=\"modula-item-content\">\n\n\t\t\t\t\n\t\t\t\t\t<a data-image-id=\"455\" tabindex=\"0\" rel=\"jtg-529\" data-caption=\"Tampo de bancada em Teca\" aria-label=\"Open image in lightbox\" role=\"button\" class=\"tile-inner modula-item-link\"><\/a>\n\t\t\n\t\t<img class=\"pic wp-image-455 lazyload\"  data-valign=\"middle\" data-halign=\"center\" alt=\"Tampo de bancada em Teca\" data-full=\"http:\/\/www.perimetralmadeiras.com.br\/site\/wp-content\/uploads\/2023\/08\/tampo_bancada_teca.jpg\" title=\"tampo_bancada_teca\" width=\"720\" height=\"648\" data-src=\"http:\/\/www.perimetralmadeiras.com.br\/site\/wp-content\/uploads\/2023\/08\/tampo_bancada_teca-1024x921.jpg\" data-caption=\"Tampo de bancada em Teca\" data-source=\"modula\" data-srcset=\"http:\/\/www.perimetralmadeiras.com.br\/site\/wp-content\/uploads\/2023\/08\/tampo_bancada_teca.jpg 1080w, http:\/\/www.perimetralmadeiras.com.br\/site\/wp-content\/uploads\/2023\/08\/tampo_bancada_teca-300x270.jpg 300w, http:\/\/www.perimetralmadeiras.com.br\/site\/wp-content\/uploads\/2023\/08\/tampo_bancada_teca-1024x921.jpg 1024w, http:\/\/www.perimetralmadeiras.com.br\/site\/wp-content\/uploads\/2023\/08\/tampo_bancada_teca-200x180.jpg 200w, http:\/\/www.perimetralmadeiras.com.br\/site\/wp-content\/uploads\/2023\/08\/tampo_bancada_teca-720x648.jpg 720w\" data-sizes=\"(max-width: 720px) 100vw, 720px\" \/>\n\t\t<div class=\"figc\">\n\t\t\t<div class=\"figc-inner\">\n\t\t\t\t\t\t\t\t\t\t\t\t\t<p class=\"description\">Tampo de bancada em Teca<\/p>\n\t\t\t\t\t\t\t\t\t\t\t<\/div>\n\t\t<\/div>\n\n\t<\/div>\n\n<\/div>\t\t\n\t<\/div>\n\n\t\n\t\n\t<script type=\"application\/ld+json\">\n\t{\n\t\t\"@context\": \"http:\/\/schema.org\",\n\t\t\"@type\"   : \"ImageGallery\",\n\t\t\"id\"      : \"http:\/\/www.perimetralmadeiras.com.br\/site\/madeiras\/teca\/\",\n\t\t\"url\"     : \"http:\/\/www.perimetralmadeiras.com.br\/site\/madeiras\/teca\/\"\n\t}\n\n\t<\/script>\n\n\t\n<\/div><\/div><\/div><\/div><\/div><\/div>","protected":false},"excerpt":{"rendered":"<p>Possui excelente estabilidade dimensional, boa trabalhabilidade, dif\u00edcil inflamabilidade e seu cerne possui uso universal. Sua madeira, quando adulta \u00e9 considerada a mais completa do mundo, por ter alta durabilidade, ser leve e possuir \u00f3timo acabamento quando aplainada.A madeira de teca \u00e9 geralmente utilizada para:fabrica\u00e7\u00e3o de m\u00f3veispain\u00e9is internosoutros<\/p>\n","protected":false},"author":1,"featured_media":0,"parent":205,"menu_order":0,"comment_status":"closed","ping_status":"closed","template":"templates\/template-full.php","meta":{"footnotes":""},"yoast_head":"<!-- This site is optimized with the Yoast SEO plugin v21.3 - https:\/\/yoast.com\/wordpress\/plugins\/seo\/ -->\n<title>Teca - Madeireira Perimetral<\/title>\n<meta name=\"description\" content=\"Possui excelente estabilidade dimensional, boa trabalhabilidade, dif\u00edcil inflamabilidade e seu cerne possui uso universal. Sua madeira, quando adulta \u00e9 considerada a mais completa do mundo, por ter alta durabilidade, ser leve e possuir \u00f3timo acabamento quando aplainada\" \/>\n<meta name=\"robots\" content=\"index, follow, max-snippet:-1, max-image-preview:large, max-video-preview:-1\" \/>\n<link rel=\"canonical\" href=\"http:\/\/www.perimetralmadeiras.com.br\/site\/madeiras\/teca\/\" \/>\n<meta property=\"og:locale\" content=\"pt_BR\" \/>\n<meta property=\"og:type\" content=\"article\" \/>\n<meta property=\"og:title\" content=\"Teca - Madeireira Perimetral\" \/>\n<meta property=\"og:description\" content=\"Possui excelente estabilidade dimensional, boa trabalhabilidade, dif\u00edcil inflamabilidade e seu cerne possui uso universal. Sua madeira, quando adulta \u00e9 considerada a mais completa do mundo, por ter alta durabilidade, ser leve e possuir \u00f3timo acabamento quando aplainada\" \/>\n<meta property=\"og:url\" content=\"http:\/\/www.perimetralmadeiras.com.br\/site\/madeiras\/teca\/\" \/>\n<meta property=\"og:site_name\" content=\"Madeireira Perimetral\" \/>\n<meta property=\"article:publisher\" content=\"http:\/\/facebook.com\/madeireira.perimetral\" \/>\n<meta property=\"article:modified_time\" content=\"2023-08-31T18:02:39+00:00\" \/>\n<meta name=\"twitter:card\" content=\"summary_large_image\" \/>\n<meta name=\"twitter:label1\" content=\"Est. tempo de leitura\" \/>\n\t<meta name=\"twitter:data1\" content=\"1 minuto\" \/>\n<script type=\"application\/ld+json\" class=\"yoast-schema-graph\">{\"@context\":\"https:\/\/schema.org\",\"@graph\":[{\"@type\":\"WebPage\",\"@id\":\"http:\/\/www.perimetralmadeiras.com.br\/site\/madeiras\/teca\/\",\"url\":\"http:\/\/www.perimetralmadeiras.com.br\/site\/madeiras\/teca\/\",\"name\":\"Teca - Madeireira Perimetral\",\"isPartOf\":{\"@id\":\"https:\/\/www.perimetralmadeiras.com.br\/site\/#website\"},\"datePublished\":\"2016-01-18T17:22:17+00:00\",\"dateModified\":\"2023-08-31T18:02:39+00:00\",\"description\":\"Possui excelente estabilidade dimensional, boa trabalhabilidade, dif\u00edcil inflamabilidade e seu cerne possui uso universal. Sua madeira, quando adulta \u00e9 considerada a mais completa do mundo, por ter alta durabilidade, ser leve e possuir \u00f3timo acabamento quando aplainada\",\"breadcrumb\":{\"@id\":\"http:\/\/www.perimetralmadeiras.com.br\/site\/madeiras\/teca\/#breadcrumb\"},\"inLanguage\":\"pt-BR\",\"potentialAction\":[{\"@type\":\"ReadAction\",\"target\":[\"http:\/\/www.perimetralmadeiras.com.br\/site\/madeiras\/teca\/\"]}]},{\"@type\":\"BreadcrumbList\",\"@id\":\"http:\/\/www.perimetralmadeiras.com.br\/site\/madeiras\/teca\/#breadcrumb\",\"itemListElement\":[{\"@type\":\"ListItem\",\"position\":1,\"name\":\"In\u00edcio\",\"item\":\"https:\/\/www.perimetralmadeiras.com.br\/site\/\"},{\"@type\":\"ListItem\",\"position\":2,\"name\":\"Madeiras\",\"item\":\"https:\/\/www.perimetralmadeiras.com.br\/site\/madeiras\/\"},{\"@type\":\"ListItem\",\"position\":3,\"name\":\"Teca\"}]},{\"@type\":\"WebSite\",\"@id\":\"https:\/\/www.perimetralmadeiras.com.br\/site\/#website\",\"url\":\"https:\/\/www.perimetralmadeiras.com.br\/site\/\",\"name\":\"Madeireira Perimetral\",\"description\":\"Site da Madeireira Perimetral em Caxias do Sul\",\"potentialAction\":[{\"@type\":\"SearchAction\",\"target\":{\"@type\":\"EntryPoint\",\"urlTemplate\":\"https:\/\/www.perimetralmadeiras.com.br\/site\/?s={search_term_string}\"},\"query-input\":\"required name=search_term_string\"}],\"inLanguage\":\"pt-BR\"}]}<\/script>\n<!-- \/ Yoast SEO plugin. -->","yoast_head_json":{"title":"Teca - Madeireira Perimetral","description":"Possui excelente estabilidade dimensional, boa trabalhabilidade, dif\u00edcil inflamabilidade e seu cerne possui uso universal. Sua madeira, quando adulta \u00e9 considerada a mais completa do mundo, por ter alta durabilidade, ser leve e possuir \u00f3timo acabamento quando aplainada","robots":{"index":"index","follow":"follow","max-snippet":"max-snippet:-1","max-image-preview":"max-image-preview:large","max-video-preview":"max-video-preview:-1"},"canonical":"http:\/\/www.perimetralmadeiras.com.br\/site\/madeiras\/teca\/","og_locale":"pt_BR","og_type":"article","og_title":"Teca - Madeireira Perimetral","og_description":"Possui excelente estabilidade dimensional, boa trabalhabilidade, dif\u00edcil inflamabilidade e seu cerne possui uso universal. Sua madeira, quando adulta \u00e9 considerada a mais completa do mundo, por ter alta durabilidade, ser leve e possuir \u00f3timo acabamento quando aplainada","og_url":"http:\/\/www.perimetralmadeiras.com.br\/site\/madeiras\/teca\/","og_site_name":"Madeireira Perimetral","article_publisher":"http:\/\/facebook.com\/madeireira.perimetral","article_modified_time":"2023-08-31T18:02:39+00:00","twitter_card":"summary_large_image","twitter_misc":{"Est. tempo de leitura":"1 minuto"},"schema":{"@context":"https:\/\/schema.org","@graph":[{"@type":"WebPage","@id":"http:\/\/www.perimetralmadeiras.com.br\/site\/madeiras\/teca\/","url":"http:\/\/www.perimetralmadeiras.com.br\/site\/madeiras\/teca\/","name":"Teca - Madeireira Perimetral","isPartOf":{"@id":"https:\/\/www.perimetralmadeiras.com.br\/site\/#website"},"datePublished":"2016-01-18T17:22:17+00:00","dateModified":"2023-08-31T18:02:39+00:00","description":"Possui excelente estabilidade dimensional, boa trabalhabilidade, dif\u00edcil inflamabilidade e seu cerne possui uso universal. Sua madeira, quando adulta \u00e9 considerada a mais completa do mundo, por ter alta durabilidade, ser leve e possuir \u00f3timo acabamento quando aplainada","breadcrumb":{"@id":"http:\/\/www.perimetralmadeiras.com.br\/site\/madeiras\/teca\/#breadcrumb"},"inLanguage":"pt-BR","potentialAction":[{"@type":"ReadAction","target":["http:\/\/www.perimetralmadeiras.com.br\/site\/madeiras\/teca\/"]}]},{"@type":"BreadcrumbList","@id":"http:\/\/www.perimetralmadeiras.com.br\/site\/madeiras\/teca\/#breadcrumb","itemListElement":[{"@type":"ListItem","position":1,"name":"In\u00edcio","item":"https:\/\/www.perimetralmadeiras.com.br\/site\/"},{"@type":"ListItem","position":2,"name":"Madeiras","item":"https:\/\/www.perimetralmadeiras.com.br\/site\/madeiras\/"},{"@type":"ListItem","position":3,"name":"Teca"}]},{"@type":"WebSite","@id":"https:\/\/www.perimetralmadeiras.com.br\/site\/#website","url":"https:\/\/www.perimetralmadeiras.com.br\/site\/","name":"Madeireira Perimetral","description":"Site da Madeireira Perimetral em Caxias do Sul","potentialAction":[{"@type":"SearchAction","target":{"@type":"EntryPoint","urlTemplate":"https:\/\/www.perimetralmadeiras.com.br\/site\/?s={search_term_string}"},"query-input":"required name=search_term_string"}],"inLanguage":"pt-BR"}]}},"_links":{"self":[{"href":"http:\/\/www.perimetralmadeiras.com.br\/site\/wp-json\/wp\/v2\/pages\/35"}],"collection":[{"href":"http:\/\/www.perimetralmadeiras.com.br\/site\/wp-json\/wp\/v2\/pages"}],"about":[{"href":"http:\/\/www.perimetralmadeiras.com.br\/site\/wp-json\/wp\/v2\/types\/page"}],"author":[{"embeddable":true,"href":"http:\/\/www.perimetralmadeiras.com.br\/site\/wp-json\/wp\/v2\/users\/1"}],"replies":[{"embeddable":true,"href":"http:\/\/www.perimetralmadeiras.com.br\/site\/wp-json\/wp\/v2\/comments?post=35"}],"version-history":[{"count":6,"href":"http:\/\/www.perimetralmadeiras.com.br\/site\/wp-json\/wp\/v2\/pages\/35\/revisions"}],"predecessor-version":[{"id":532,"href":"http:\/\/www.perimetralmadeiras.com.br\/site\/wp-json\/wp\/v2\/pages\/35\/revisions\/532"}],"up":[{"embeddable":true,"href":"http:\/\/www.perimetralmadeiras.com.br\/site\/wp-json\/wp\/v2\/pages\/205"}],"wp:attachment":[{"href":"http:\/\/www.perimetralmadeiras.com.br\/site\/wp-json\/wp\/v2\/media?parent=35"}],"curies":[{"name":"wp","href":"https:\/\/api.w.org\/{rel}","templated":true}]}}