{"id":84,"date":"2016-02-10T11:57:44","date_gmt":"2016-02-10T11:57:44","guid":{"rendered":"http:\/\/perimetralmadeiras.com.br\/site\/?page_id=84"},"modified":"2023-08-31T17:11:41","modified_gmt":"2023-08-31T17:11:41","slug":"telhados","status":"publish","type":"page","link":"http:\/\/www.perimetralmadeiras.com.br\/site\/produtos\/telhados\/","title":{"rendered":"Telhados"},"content":{"rendered":"<div id=\"pl-84\"  class=\"panel-layout\" ><div id=\"pg-84-0\"  class=\"panel-grid panel-no-style\" ><div id=\"pgc-84-0-0\"  class=\"panel-grid-cell\" ><div id=\"panel-84-0-0-0\" class=\"so-panel widget widget_headline-widget panel-first-child panel-last-child\" data-index=\"0\" >\t\t<h1>Telhados<\/h1>\n\t\t<div class=\"decoration\"><div class=\"decoration-inside\"><\/div><\/div>\n\t\t<h3><\/h3>\n\t\t<\/div><\/div><\/div><div id=\"pg-84-1\"  class=\"panel-grid panel-no-style\" ><div id=\"pgc-84-1-0\"  class=\"panel-grid-cell\" ><div id=\"panel-84-1-0-0\" class=\"so-panel widget widget_sow-editor panel-first-child panel-last-child\" data-index=\"1\" ><div\n\t\t\t\n\t\t\tclass=\"so-widget-sow-editor so-widget-sow-editor-base\"\n\t\t\t\n\t\t>\n<div class=\"siteorigin-widget-tinymce textwidget\">\n\t<p>A Madeireira Perimetral possui v\u00e1rios tipos e medidas de madeira apropriados para uso em telhados e que se adequam a seu projeto. A utiliza\u00e7\u00e3o de madeiras aparentes enobrece e embeleza a constru\u00e7\u00e3o.<\/p>\n<p>Dentre as diversas madeiras dispon\u00edveis para esta aplica\u00e7\u00e3o, as mais usadas s\u00e3o:GARAPEIRA, ITA\u00daBA, ANGELIM e CEDRINHO.<\/p>\n<\/div>\n<\/div><\/div><\/div><\/div><div id=\"pg-84-2\"  class=\"panel-grid panel-no-style\" ><div id=\"pgc-84-2-0\"  class=\"panel-grid-cell\" ><div id=\"panel-84-2-0-0\" class=\"widget_text so-panel widget widget_custom_html panel-first-child panel-last-child\" data-index=\"2\" ><div class=\"textwidget custom-html-widget\"><style>#jtg-499 .modula-item .jtg-social a, .lightbox-socials.jtg-social a{ fill: #ffffff; color: #ffffff }#jtg-499 .modula-item .jtg-social-mobile a{ fill: #ffffff; color: #ffffff }#jtg-499 .modula-item .jtg-social svg, .lightbox-socials.jtg-social svg { height: 16px; width: 16px }#jtg-499 .modula-item .jtg-social-mobile svg { height: 16px; width: 16px }#jtg-499 .modula-item .jtg-social a:not(:last-child), .lightbox-socials.jtg-social a:not(:last-child) { margin-right: 10px }#jtg-499 .modula-item .jtg-social-mobile .jtg-social-mobile-icons a:not(:last-child){ margin-right: 10px }#jtg-499 .modula-item .figc {color:#ffffff;}#jtg-499 .modula-item .modula-item-content { transform: scale(1) }#jtg-499 { width:100%;}#jtg-499 .modula-items{height:800px;}@media screen and (max-width: 992px) {#jtg-499 .modula-items{height:800px;}}@media screen and (max-width: 768px) {#jtg-499 .modula-items{height:800px;}}#jtg-499 .modula-items .figc p.description { font-size:14px; }#jtg-499 .modula-items .figc p.description { color:#ffffff;}#jtg-499.modula-gallery .modula-item > a, #jtg-499.modula-gallery .modula-item, #jtg-499.modula-gallery .modula-item-content > a:not(.modula-no-follow) { cursor:zoom-in; } #jtg-499.modula-gallery .modula-item-content .modula-no-follow { cursor: default; } @media screen and (max-width:480px){#jtg-499 .modula-item .figc .jtg-title {  font-size: 12px; }#jtg-499 .modula-items .figc p.description { color:#ffffff;font-size:10px; }}<\/style>\n<!-- Gallery Container -->\n<div  id=\"jtg-499\" class=\"modula modula-gallery modula-creative-gallery\" data-config=\"{&quot;height&quot;:800,&quot;tabletHeight&quot;:800,&quot;mobileHeight&quot;:800,&quot;desktopHeight&quot;:800,&quot;enableTwitter&quot;:false,&quot;enableWhatsapp&quot;:false,&quot;enableFacebook&quot;:false,&quot;enablePinterest&quot;:false,&quot;enableLinkedin&quot;:false,&quot;enableEmail&quot;:false,&quot;randomFactor&quot;:0.5,&quot;type&quot;:&quot;creative-gallery&quot;,&quot;columns&quot;:12,&quot;gutter&quot;:10,&quot;mobileGutter&quot;:10,&quot;tabletGutter&quot;:10,&quot;desktopGutter&quot;:10,&quot;enableResponsive&quot;:&quot;0&quot;,&quot;tabletColumns&quot;:&quot;2&quot;,&quot;mobileColumns&quot;:&quot;1&quot;,&quot;lazyLoad&quot;:&quot;1&quot;,&quot;lightboxOpts&quot;:{&quot;animated&quot;:true,&quot;Thumbs&quot;:{&quot;type&quot;:&quot;modern&quot;,&quot;showOnStart&quot;:false},&quot;Toolbar&quot;:{&quot;display&quot;:{&quot;right&quot;:[&quot;close&quot;]},&quot;enabled&quot;:true},&quot;Carousel&quot;:{&quot;Panzoom&quot;:{&quot;touch&quot;:false},&quot;infinite&quot;:false},&quot;keyboard&quot;:{&quot;Escape&quot;:&quot;close&quot;,&quot;Delete&quot;:&quot;close&quot;,&quot;Backspace&quot;:&quot;close&quot;,&quot;PageUp&quot;:false,&quot;PageDown&quot;:false,&quot;ArrowUp&quot;:false,&quot;ArrowDown&quot;:false,&quot;ArrowRight&quot;:false,&quot;ArrowLeft&quot;:false},&quot;touch&quot;:false,&quot;backdropClick&quot;:false,&quot;l10n&quot;:{&quot;CLOSE&quot;:&quot;Close&quot;,&quot;NEXT&quot;:&quot;Next&quot;,&quot;PREV&quot;:&quot;Previous&quot;,&quot;Error&quot;:&quot;The requested content cannot be loaded. Please try again later.&quot;,&quot;PLAY_START&quot;:&quot;Start slideshow&quot;,&quot;PLAY_STOP&quot;:&quot;Pause slideshow&quot;,&quot;FULL_SCREEN&quot;:&quot;Full screen&quot;,&quot;THUMBS&quot;:&quot;Thumbnails&quot;,&quot;DOWNLOAD&quot;:&quot;Download&quot;,&quot;SHARE&quot;:&quot;Share&quot;,&quot;ZOOM&quot;:&quot;Zoom&quot;,&quot;EMAIL&quot;:&quot;Here is the link to the image : %%image_link%% and this is the link to the gallery : %%gallery_link%%&quot;,&quot;MODAL&quot;:&quot;You can close this modal content with the ESC key&quot;,&quot;ERROR&quot;:&quot;Something Went Wrong, Please Try Again Later&quot;,&quot;IMAGE_ERROR&quot;:&quot;Image Not Found&quot;,&quot;ELEMENT_NOT_FOUND&quot;:&quot;HTML Element Not Found&quot;,&quot;AJAX_NOT_FOUND&quot;:&quot;Error Loading AJAX : Not Found&quot;,&quot;AJAX_FORBIDDEN&quot;:&quot;Error Loading AJAX : Forbidden&quot;,&quot;IFRAME_ERROR&quot;:&quot;Error Loading Page&quot;,&quot;TOGGLE_ZOOM&quot;:&quot;Toggle zoom level&quot;,&quot;TOGGLE_THUMBS&quot;:&quot;Toggle thumbnails&quot;,&quot;TOGGLE_SLIDESHOW&quot;:&quot;Toggle slideshow&quot;,&quot;TOGGLE_FULLSCREEN&quot;:&quot;Toggle full-screen mode&quot;},&quot;Images&quot;:{&quot;Panzoom&quot;:{&quot;maxScale&quot;:2}},&quot;mainClass&quot;:&quot;modula-fancybox-container modula-lightbox-jtg-499&quot;,&quot;Html&quot;:{&quot;videoAutoplay&quot;:0,&quot;videoTpl&quot;:&quot;&lt;video class=\\&quot;fancybox__html5video\\&quot; controls muted playsinline controlsList controlsList=\\&quot;nodownload\\&quot; poster=\\&quot;{{poster}}\\&quot; src=\\&quot;{{src}}\\&quot; type=\\&quot;{{format}}\\&quot; &gt;  Sorry, your browser doesn&#039;t support embedded videos, &lt;a href=\\&quot;{{src}}\\&quot;&gt; download &lt;\\\/a&gt; and watch with your favorite video player! &lt;\\\/video&gt;&quot;}},&quot;inView&quot;:false,&quot;email_subject&quot;:&quot;Check out this awesome image !!&quot;,&quot;email_message&quot;:&quot;Here is the link to the image : %%image_link%% and this is the link to the gallery : %%gallery_link%%&quot;,&quot;lightbox&quot;:&quot;fancybox&quot;}\">\n\n\t\n\t<!-- Items Container -->\n\t<div  class=\"modula-items\">\n\t\t<div class=\"modula-item effect-pufrobo\" >\n\t<div class=\"modula-item-overlay\"><\/div>\n\n\t<div class=\"modula-item-content\">\n\n\t\t\t\t\n\t\t\t\t\t<a data-image-id=\"88\" tabindex=\"0\" rel=\"jtg-499\" data-caption=\"\" aria-label=\"Open image in lightbox\" role=\"button\" class=\"tile-inner modula-item-link\"><\/a>\n\t\t\n\t\t<img class=\"pic wp-image-88 lazyload\"  data-valign=\"middle\" data-halign=\"center\" alt=\"\" data-full=\"http:\/\/www.perimetralmadeiras.com.br\/site\/wp-content\/uploads\/2016\/02\/telhadobig1.jpg\" title=\"telhadobig1\" width=\"600\" height=\"400\" data-src=\"http:\/\/www.perimetralmadeiras.com.br\/site\/wp-content\/uploads\/2016\/02\/telhadobig1.jpg\" data-caption=\"\" data-source=\"modula\" data-srcset=\"http:\/\/www.perimetralmadeiras.com.br\/site\/wp-content\/uploads\/2016\/02\/telhadobig1.jpg 600w, http:\/\/www.perimetralmadeiras.com.br\/site\/wp-content\/uploads\/2016\/02\/telhadobig1-300x200.jpg 300w, http:\/\/www.perimetralmadeiras.com.br\/site\/wp-content\/uploads\/2016\/02\/telhadobig1-272x182.jpg 272w\" data-sizes=\"(max-width: 600px) 100vw, 600px\" \/>\n\t\t<div class=\"figc no-description\">\n\t\t\t<div class=\"figc-inner\">\n\t\t\t\t\t\t\t\t\t\t\t\t\t\t\t<\/div>\n\t\t<\/div>\n\n\t<\/div>\n\n<\/div><div class=\"modula-item effect-pufrobo\" >\n\t<div class=\"modula-item-overlay\"><\/div>\n\n\t<div class=\"modula-item-content\">\n\n\t\t\t\t\n\t\t\t\t\t<a data-image-id=\"457\" tabindex=\"0\" rel=\"jtg-499\" data-caption=\"Telhado com forro em eucalipto, madeiras da estrutura aparente em Pequi\u00e1.&lt;\/br&gt;\nRealiza\u00e7\u00e3o: Carpintaria Cassol\" aria-label=\"Open image in lightbox\" role=\"button\" class=\"tile-inner modula-item-link\"><\/a>\n\t\t\n\t\t<img class=\"pic wp-image-457 lazyload\"  data-valign=\"middle\" data-halign=\"center\" alt=\"\" data-full=\"http:\/\/www.perimetralmadeiras.com.br\/site\/wp-content\/uploads\/2023\/08\/telhado_forro_eucalipto_estrutura_pequia2.jpg\" title=\"telhado_forro_eucalipto_estrutura_pequia2\" width=\"720\" height=\"683\" data-src=\"http:\/\/www.perimetralmadeiras.com.br\/site\/wp-content\/uploads\/2023\/08\/telhado_forro_eucalipto_estrutura_pequia2-1024x972.jpg\" data-caption=\"Telhado com forro em eucalipto, madeiras da estrutura aparente em Pequi\u00e1.&lt;\/br&gt;\nRealiza\u00e7\u00e3o: Carpintaria Cassol\" data-source=\"modula\" data-srcset=\"http:\/\/www.perimetralmadeiras.com.br\/site\/wp-content\/uploads\/2023\/08\/telhado_forro_eucalipto_estrutura_pequia2.jpg 1080w, http:\/\/www.perimetralmadeiras.com.br\/site\/wp-content\/uploads\/2023\/08\/telhado_forro_eucalipto_estrutura_pequia2-300x285.jpg 300w, http:\/\/www.perimetralmadeiras.com.br\/site\/wp-content\/uploads\/2023\/08\/telhado_forro_eucalipto_estrutura_pequia2-1024x972.jpg 1024w, http:\/\/www.perimetralmadeiras.com.br\/site\/wp-content\/uploads\/2023\/08\/telhado_forro_eucalipto_estrutura_pequia2-200x190.jpg 200w, http:\/\/www.perimetralmadeiras.com.br\/site\/wp-content\/uploads\/2023\/08\/telhado_forro_eucalipto_estrutura_pequia2-720x683.jpg 720w\" data-sizes=\"(max-width: 720px) 100vw, 720px\" \/>\n\t\t<div class=\"figc\">\n\t\t\t<div class=\"figc-inner\">\n\t\t\t\t\t\t\t\t\t\t\t\t\t<p class=\"description\">Telhado com forro em eucalipto, madeiras da estrutura aparente em Pequi\u00e1.<\/br>\nRealiza\u00e7\u00e3o: Carpintaria Cassol<\/p>\n\t\t\t\t\t\t\t\t\t\t\t<\/div>\n\t\t<\/div>\n\n\t<\/div>\n\n<\/div><div class=\"modula-item effect-pufrobo\" >\n\t<div class=\"modula-item-overlay\"><\/div>\n\n\t<div class=\"modula-item-content\">\n\n\t\t\t\t\n\t\t\t\t\t<a data-image-id=\"87\" tabindex=\"0\" rel=\"jtg-499\" data-caption=\"\" aria-label=\"Open image in lightbox\" role=\"button\" class=\"tile-inner modula-item-link\"><\/a>\n\t\t\n\t\t<img class=\"pic wp-image-87 lazyload\"  data-valign=\"middle\" data-halign=\"center\" alt=\"\" data-full=\"http:\/\/www.perimetralmadeiras.com.br\/site\/wp-content\/uploads\/2016\/02\/telhadobig3.jpg\" title=\"telhadobig3\" width=\"600\" height=\"400\" data-src=\"http:\/\/www.perimetralmadeiras.com.br\/site\/wp-content\/uploads\/2016\/02\/telhadobig3.jpg\" data-caption=\"\" data-source=\"modula\" data-srcset=\"http:\/\/www.perimetralmadeiras.com.br\/site\/wp-content\/uploads\/2016\/02\/telhadobig3.jpg 600w, http:\/\/www.perimetralmadeiras.com.br\/site\/wp-content\/uploads\/2016\/02\/telhadobig3-300x200.jpg 300w, http:\/\/www.perimetralmadeiras.com.br\/site\/wp-content\/uploads\/2016\/02\/telhadobig3-272x182.jpg 272w\" data-sizes=\"(max-width: 600px) 100vw, 600px\" \/>\n\t\t<div class=\"figc no-description\">\n\t\t\t<div class=\"figc-inner\">\n\t\t\t\t\t\t\t\t\t\t\t\t\t\t\t<\/div>\n\t\t<\/div>\n\n\t<\/div>\n\n<\/div><div class=\"modula-item effect-pufrobo\" >\n\t<div class=\"modula-item-overlay\"><\/div>\n\n\t<div class=\"modula-item-content\">\n\n\t\t\t\t\n\t\t\t\t\t<a data-image-id=\"456\" tabindex=\"0\" rel=\"jtg-499\" data-caption=\"\" aria-label=\"Open image in lightbox\" role=\"button\" class=\"tile-inner modula-item-link\"><\/a>\n\t\t\n\t\t<img class=\"pic wp-image-456 lazyload\"  data-valign=\"middle\" data-halign=\"center\" alt=\"\" data-full=\"http:\/\/www.perimetralmadeiras.com.br\/site\/wp-content\/uploads\/2023\/08\/telhado_forro_eucalipto_estrutura_pequia.jpg\" title=\"telhado_forro_eucalipto_estrutura_pequia\" width=\"720\" height=\"714\" data-src=\"http:\/\/www.perimetralmadeiras.com.br\/site\/wp-content\/uploads\/2023\/08\/telhado_forro_eucalipto_estrutura_pequia-1024x1016.jpg\" data-caption=\"\" data-source=\"modula\" data-srcset=\"http:\/\/www.perimetralmadeiras.com.br\/site\/wp-content\/uploads\/2023\/08\/telhado_forro_eucalipto_estrutura_pequia.jpg 1080w, http:\/\/www.perimetralmadeiras.com.br\/site\/wp-content\/uploads\/2023\/08\/telhado_forro_eucalipto_estrutura_pequia-300x298.jpg 300w, http:\/\/www.perimetralmadeiras.com.br\/site\/wp-content\/uploads\/2023\/08\/telhado_forro_eucalipto_estrutura_pequia-1024x1016.jpg 1024w, http:\/\/www.perimetralmadeiras.com.br\/site\/wp-content\/uploads\/2023\/08\/telhado_forro_eucalipto_estrutura_pequia-200x199.jpg 200w, http:\/\/www.perimetralmadeiras.com.br\/site\/wp-content\/uploads\/2023\/08\/telhado_forro_eucalipto_estrutura_pequia-720x714.jpg 720w\" data-sizes=\"(max-width: 720px) 100vw, 720px\" \/>\n\t\t<div class=\"figc no-description\">\n\t\t\t<div class=\"figc-inner\">\n\t\t\t\t\t\t\t\t\t\t\t\t\t\t\t<\/div>\n\t\t<\/div>\n\n\t<\/div>\n\n<\/div><div class=\"modula-item effect-pufrobo\" >\n\t<div class=\"modula-item-overlay\"><\/div>\n\n\t<div class=\"modula-item-content\">\n\n\t\t\t\t\n\t\t\t\t\t<a data-image-id=\"501\" tabindex=\"0\" rel=\"jtg-499\" data-caption=\"Telhado com forro em eucalipto, madeiras da estrutura aparente em Pequi\u00e1.\nRealiza\u00e7\u00e3o: Carpintaria Cassol\" aria-label=\"Open image in lightbox\" role=\"button\" class=\"tile-inner modula-item-link\"><\/a>\n\t\t\n\t\t<img class=\"pic wp-image-501 lazyload\"  data-valign=\"middle\" data-halign=\"center\" alt=\"Telhado com forro em eucalipto, madeiras da estrutura aparente em Pequi\u00e1.\" data-full=\"http:\/\/www.perimetralmadeiras.com.br\/site\/wp-content\/uploads\/2023\/08\/Snapinsta.app_1080_328159788_710141470781584_1073869276293709021_n-1.jpg\" title=\"Snapinsta.app_1080_328159788_710141470781584_1073869276293709021_n\" width=\"720\" height=\"720\" data-src=\"http:\/\/www.perimetralmadeiras.com.br\/site\/wp-content\/uploads\/2023\/08\/Snapinsta.app_1080_328159788_710141470781584_1073869276293709021_n-1-1024x1024.jpg\" data-caption=\"Telhado com forro em eucalipto, madeiras da estrutura aparente em Pequi\u00e1.\nRealiza\u00e7\u00e3o: Carpintaria Cassol\" data-source=\"modula\" data-srcset=\"http:\/\/www.perimetralmadeiras.com.br\/site\/wp-content\/uploads\/2023\/08\/Snapinsta.app_1080_328159788_710141470781584_1073869276293709021_n-1.jpg 1080w, http:\/\/www.perimetralmadeiras.com.br\/site\/wp-content\/uploads\/2023\/08\/Snapinsta.app_1080_328159788_710141470781584_1073869276293709021_n-1-300x300.jpg 300w, http:\/\/www.perimetralmadeiras.com.br\/site\/wp-content\/uploads\/2023\/08\/Snapinsta.app_1080_328159788_710141470781584_1073869276293709021_n-1-1024x1024.jpg 1024w, http:\/\/www.perimetralmadeiras.com.br\/site\/wp-content\/uploads\/2023\/08\/Snapinsta.app_1080_328159788_710141470781584_1073869276293709021_n-1-200x200.jpg 200w, http:\/\/www.perimetralmadeiras.com.br\/site\/wp-content\/uploads\/2023\/08\/Snapinsta.app_1080_328159788_710141470781584_1073869276293709021_n-1-720x720.jpg 720w\" data-sizes=\"(max-width: 720px) 100vw, 720px\" \/>\n\t\t<div class=\"figc\">\n\t\t\t<div class=\"figc-inner\">\n\t\t\t\t\t\t\t\t\t\t\t\t\t<p class=\"description\">Telhado com forro em eucalipto, madeiras da estrutura aparente em Pequi\u00e1.\nRealiza\u00e7\u00e3o: Carpintaria Cassol<\/p>\n\t\t\t\t\t\t\t\t\t\t\t<\/div>\n\t\t<\/div>\n\n\t<\/div>\n\n<\/div><div class=\"modula-item effect-pufrobo\" >\n\t<div class=\"modula-item-overlay\"><\/div>\n\n\t<div class=\"modula-item-content\">\n\n\t\t\t\t\n\t\t\t\t\t<a data-image-id=\"86\" tabindex=\"0\" rel=\"jtg-499\" data-caption=\"\" aria-label=\"Open image in lightbox\" role=\"button\" class=\"tile-inner modula-item-link\"><\/a>\n\t\t\n\t\t<img class=\"pic wp-image-86 lazyload\"  data-valign=\"middle\" data-halign=\"center\" alt=\"\" data-full=\"http:\/\/www.perimetralmadeiras.com.br\/site\/wp-content\/uploads\/2016\/02\/telhadobig2.jpg\" title=\"telhadobig2\" width=\"600\" height=\"400\" data-src=\"http:\/\/www.perimetralmadeiras.com.br\/site\/wp-content\/uploads\/2016\/02\/telhadobig2.jpg\" data-caption=\"\" data-source=\"modula\" data-srcset=\"http:\/\/www.perimetralmadeiras.com.br\/site\/wp-content\/uploads\/2016\/02\/telhadobig2.jpg 600w, http:\/\/www.perimetralmadeiras.com.br\/site\/wp-content\/uploads\/2016\/02\/telhadobig2-300x200.jpg 300w, http:\/\/www.perimetralmadeiras.com.br\/site\/wp-content\/uploads\/2016\/02\/telhadobig2-272x182.jpg 272w\" data-sizes=\"(max-width: 600px) 100vw, 600px\" \/>\n\t\t<div class=\"figc no-description\">\n\t\t\t<div class=\"figc-inner\">\n\t\t\t\t\t\t\t\t\t\t\t\t\t\t\t<\/div>\n\t\t<\/div>\n\n\t<\/div>\n\n<\/div>\t\t\n\t<\/div>\n\n\t\n\t\n\t<script type=\"application\/ld+json\">\n\t{\n\t\t\"@context\": \"http:\/\/schema.org\",\n\t\t\"@type\"   : \"ImageGallery\",\n\t\t\"id\"      : \"http:\/\/www.perimetralmadeiras.com.br\/site\/produtos\/telhados\/\",\n\t\t\"url\"     : \"http:\/\/www.perimetralmadeiras.com.br\/site\/produtos\/telhados\/\"\n\t}\n\n\t<\/script>\n\n\t\n<\/div><\/div><\/div><\/div><\/div><\/div>","protected":false},"excerpt":{"rendered":"<p>A Madeireira Perimetral possui v\u00e1rios tipos e medidas de madeira apropriados para uso em telhados e que se adequam a seu projeto. A utiliza\u00e7\u00e3o de madeiras aparentes enobrece e embeleza a constru\u00e7\u00e3o.Dentre as diversas madeiras dispon\u00edveis para esta aplica\u00e7\u00e3o, as mais usadas s\u00e3o:GARAPEIRA, ITA\u00daBA, ANGELIM e CEDRINHO.<\/p>\n","protected":false},"author":1,"featured_media":0,"parent":210,"menu_order":0,"comment_status":"closed","ping_status":"closed","template":"templates\/template-full.php","meta":{"footnotes":""},"yoast_head":"<!-- This site is optimized with the Yoast SEO plugin v21.3 - https:\/\/yoast.com\/wordpress\/plugins\/seo\/ -->\n<title>Telhados - Madeireira Perimetral<\/title>\n<meta name=\"description\" content=\"A Madeireira Perimetral possui v\u00e1rios tipos e medidas de madeira apropriados para uso em telhados e que se adequam a seu projeto. A utiliza\u00e7\u00e3o de madeiras aparentes enobrece e embeleza a constru\u00e7\u00e3o.\" \/>\n<meta name=\"robots\" content=\"index, follow, max-snippet:-1, max-image-preview:large, max-video-preview:-1\" \/>\n<link rel=\"canonical\" href=\"http:\/\/perimetralmadeiras.com.br\/site\/produtos\/telhados\/\" \/>\n<meta property=\"og:locale\" content=\"pt_BR\" \/>\n<meta property=\"og:type\" content=\"article\" \/>\n<meta property=\"og:title\" content=\"Telhados - Madeireira Perimetral\" \/>\n<meta property=\"og:description\" content=\"A Madeireira Perimetral possui v\u00e1rios tipos e medidas de madeira apropriados para uso em telhados e que se adequam a seu projeto. A utiliza\u00e7\u00e3o de madeiras aparentes enobrece e embeleza a constru\u00e7\u00e3o.\" \/>\n<meta property=\"og:url\" content=\"http:\/\/perimetralmadeiras.com.br\/site\/produtos\/telhados\/\" \/>\n<meta property=\"og:site_name\" content=\"Madeireira Perimetral\" \/>\n<meta property=\"article:publisher\" content=\"http:\/\/facebook.com\/madeireira.perimetral\" \/>\n<meta property=\"article:modified_time\" content=\"2023-08-31T17:11:41+00:00\" \/>\n<meta name=\"twitter:card\" content=\"summary_large_image\" \/>\n<meta name=\"twitter:label1\" content=\"Est. tempo de leitura\" \/>\n\t<meta name=\"twitter:data1\" content=\"1 minuto\" \/>\n<script type=\"application\/ld+json\" class=\"yoast-schema-graph\">{\"@context\":\"https:\/\/schema.org\",\"@graph\":[{\"@type\":\"WebPage\",\"@id\":\"http:\/\/perimetralmadeiras.com.br\/site\/produtos\/telhados\/\",\"url\":\"http:\/\/perimetralmadeiras.com.br\/site\/produtos\/telhados\/\",\"name\":\"Telhados - Madeireira Perimetral\",\"isPartOf\":{\"@id\":\"http:\/\/perimetralmadeiras.com.br\/site\/#website\"},\"datePublished\":\"2016-02-10T11:57:44+00:00\",\"dateModified\":\"2023-08-31T17:11:41+00:00\",\"description\":\"A Madeireira Perimetral possui v\u00e1rios tipos e medidas de madeira apropriados para uso em telhados e que se adequam a seu projeto. A utiliza\u00e7\u00e3o de madeiras aparentes enobrece e embeleza a constru\u00e7\u00e3o.\",\"breadcrumb\":{\"@id\":\"http:\/\/perimetralmadeiras.com.br\/site\/produtos\/telhados\/#breadcrumb\"},\"inLanguage\":\"pt-BR\",\"potentialAction\":[{\"@type\":\"ReadAction\",\"target\":[\"http:\/\/perimetralmadeiras.com.br\/site\/produtos\/telhados\/\"]}]},{\"@type\":\"BreadcrumbList\",\"@id\":\"http:\/\/perimetralmadeiras.com.br\/site\/produtos\/telhados\/#breadcrumb\",\"itemListElement\":[{\"@type\":\"ListItem\",\"position\":1,\"name\":\"In\u00edcio\",\"item\":\"http:\/\/perimetralmadeiras.com.br\/site\/\"},{\"@type\":\"ListItem\",\"position\":2,\"name\":\"Produtos\",\"item\":\"https:\/\/www.perimetralmadeiras.com.br\/site\/produtos\/\"},{\"@type\":\"ListItem\",\"position\":3,\"name\":\"Telhados\"}]},{\"@type\":\"WebSite\",\"@id\":\"http:\/\/perimetralmadeiras.com.br\/site\/#website\",\"url\":\"http:\/\/perimetralmadeiras.com.br\/site\/\",\"name\":\"Madeireira Perimetral\",\"description\":\"Site da Madeireira Perimetral em Caxias do Sul\",\"potentialAction\":[{\"@type\":\"SearchAction\",\"target\":{\"@type\":\"EntryPoint\",\"urlTemplate\":\"http:\/\/perimetralmadeiras.com.br\/site\/?s={search_term_string}\"},\"query-input\":\"required name=search_term_string\"}],\"inLanguage\":\"pt-BR\"}]}<\/script>\n<!-- \/ Yoast SEO plugin. -->","yoast_head_json":{"title":"Telhados - Madeireira Perimetral","description":"A Madeireira Perimetral possui v\u00e1rios tipos e medidas de madeira apropriados para uso em telhados e que se adequam a seu projeto. A utiliza\u00e7\u00e3o de madeiras aparentes enobrece e embeleza a constru\u00e7\u00e3o.","robots":{"index":"index","follow":"follow","max-snippet":"max-snippet:-1","max-image-preview":"max-image-preview:large","max-video-preview":"max-video-preview:-1"},"canonical":"http:\/\/perimetralmadeiras.com.br\/site\/produtos\/telhados\/","og_locale":"pt_BR","og_type":"article","og_title":"Telhados - Madeireira Perimetral","og_description":"A Madeireira Perimetral possui v\u00e1rios tipos e medidas de madeira apropriados para uso em telhados e que se adequam a seu projeto. A utiliza\u00e7\u00e3o de madeiras aparentes enobrece e embeleza a constru\u00e7\u00e3o.","og_url":"http:\/\/perimetralmadeiras.com.br\/site\/produtos\/telhados\/","og_site_name":"Madeireira Perimetral","article_publisher":"http:\/\/facebook.com\/madeireira.perimetral","article_modified_time":"2023-08-31T17:11:41+00:00","twitter_card":"summary_large_image","twitter_misc":{"Est. tempo de leitura":"1 minuto"},"schema":{"@context":"https:\/\/schema.org","@graph":[{"@type":"WebPage","@id":"http:\/\/perimetralmadeiras.com.br\/site\/produtos\/telhados\/","url":"http:\/\/perimetralmadeiras.com.br\/site\/produtos\/telhados\/","name":"Telhados - Madeireira Perimetral","isPartOf":{"@id":"http:\/\/perimetralmadeiras.com.br\/site\/#website"},"datePublished":"2016-02-10T11:57:44+00:00","dateModified":"2023-08-31T17:11:41+00:00","description":"A Madeireira Perimetral possui v\u00e1rios tipos e medidas de madeira apropriados para uso em telhados e que se adequam a seu projeto. A utiliza\u00e7\u00e3o de madeiras aparentes enobrece e embeleza a constru\u00e7\u00e3o.","breadcrumb":{"@id":"http:\/\/perimetralmadeiras.com.br\/site\/produtos\/telhados\/#breadcrumb"},"inLanguage":"pt-BR","potentialAction":[{"@type":"ReadAction","target":["http:\/\/perimetralmadeiras.com.br\/site\/produtos\/telhados\/"]}]},{"@type":"BreadcrumbList","@id":"http:\/\/perimetralmadeiras.com.br\/site\/produtos\/telhados\/#breadcrumb","itemListElement":[{"@type":"ListItem","position":1,"name":"In\u00edcio","item":"http:\/\/perimetralmadeiras.com.br\/site\/"},{"@type":"ListItem","position":2,"name":"Produtos","item":"https:\/\/www.perimetralmadeiras.com.br\/site\/produtos\/"},{"@type":"ListItem","position":3,"name":"Telhados"}]},{"@type":"WebSite","@id":"http:\/\/perimetralmadeiras.com.br\/site\/#website","url":"http:\/\/perimetralmadeiras.com.br\/site\/","name":"Madeireira Perimetral","description":"Site da Madeireira Perimetral em Caxias do Sul","potentialAction":[{"@type":"SearchAction","target":{"@type":"EntryPoint","urlTemplate":"http:\/\/perimetralmadeiras.com.br\/site\/?s={search_term_string}"},"query-input":"required name=search_term_string"}],"inLanguage":"pt-BR"}]}},"_links":{"self":[{"href":"http:\/\/www.perimetralmadeiras.com.br\/site\/wp-json\/wp\/v2\/pages\/84"}],"collection":[{"href":"http:\/\/www.perimetralmadeiras.com.br\/site\/wp-json\/wp\/v2\/pages"}],"about":[{"href":"http:\/\/www.perimetralmadeiras.com.br\/site\/wp-json\/wp\/v2\/types\/page"}],"author":[{"embeddable":true,"href":"http:\/\/www.perimetralmadeiras.com.br\/site\/wp-json\/wp\/v2\/users\/1"}],"replies":[{"embeddable":true,"href":"http:\/\/www.perimetralmadeiras.com.br\/site\/wp-json\/wp\/v2\/comments?post=84"}],"version-history":[{"count":10,"href":"http:\/\/www.perimetralmadeiras.com.br\/site\/wp-json\/wp\/v2\/pages\/84\/revisions"}],"predecessor-version":[{"id":506,"href":"http:\/\/www.perimetralmadeiras.com.br\/site\/wp-json\/wp\/v2\/pages\/84\/revisions\/506"}],"up":[{"embeddable":true,"href":"http:\/\/www.perimetralmadeiras.com.br\/site\/wp-json\/wp\/v2\/pages\/210"}],"wp:attachment":[{"href":"http:\/\/www.perimetralmadeiras.com.br\/site\/wp-json\/wp\/v2\/media?parent=84"}],"curies":[{"name":"wp","href":"https:\/\/api.w.org\/{rel}","templated":true}]}}